{"id":569,"date":"2015-01-19T10:30:49","date_gmt":"2015-01-19T10:30:49","guid":{"rendered":"http:\/\/www.amconsulting.com.co\/nosotros\/"},"modified":"2025-01-22T03:07:21","modified_gmt":"2025-01-22T03:07:21","slug":"about-us","status":"publish","type":"page","link":"http:\/\/www.amconsulting.com.co\/en\/about-us\/","title":{"rendered":"About Us"},"content":{"rendered":"<div class=\"wpb-content-wrapper\"><p>[vc_row css=&#8221;.vc_custom_1467181664781{padding-top: 50px !important;}&#8221;][vc_column][vc_row_inner][vc_column_inner width=&#8221;1\/6&#8243;][\/vc_column_inner][vc_column_inner width=&#8221;2\/3&#8243;][vc_single_image image=&#8221;442&#8243; img_size=&#8221;full&#8221; alignment=&#8221;center&#8221; style=&#8221;vc_box_outline&#8221; border_color=&#8221;blue&#8221; css_animation=&#8221;top-to-bottom&#8221;][vc_column_text css=&#8221;.vc_custom_1549951672887{margin-top: -40px !important;}&#8221;]<strong>AM Consulting S.A.<\/strong> Strategic Alliance is a leading organization aimed to cover our country Colombia, looking for positioning the organization in Colombia as a whole. This is how the Corporate Image of &#8220;Grupo Colombia&#8221; is created, which is integrated by Public Accountant Societies in the principal cities in the country.[\/vc_column_text][\/vc_column_inner][vc_column_inner width=&#8221;1\/6&#8243;][\/vc_column_inner][\/vc_row_inner][\/vc_column][\/vc_row][vc_row][vc_column][vc_row_inner][vc_column_inner]<div class=\"fancy_heading fancy_heading_icon\"><div class=\"fh-top\"><span class=\"icon_top\"><i class=\"icon-star\" aria-hidden=\"true\"><\/i><\/span><\/div><h2 class=\"title\">Our Team<\/h2><\/div>\n[\/vc_column_inner][\/vc_row_inner][vc_row_inner][vc_column_inner width=&#8221;1\/2&#8243;][vc_single_image image=&#8221;318&#8243; img_size=&#8221;300&#215;300&#8243; alignment=&#8221;center&#8221; style=&#8221;vc_box_outline_circle_2&#8243; border_color=&#8221;blue&#8221; css_animation=&#8221;top-to-bottom&#8221;][vc_column_text]<\/p>\n<h3 style=\"text-align: center;\"><strong>RICARDO MARQUEZ CASTRO<\/strong><\/h3>\n<p style=\"text-align: justify;\">Public Accountant of <em>Universidad Antonio Nari\u00f1o<\/em>, specialist in Fiscal Sciences in the same university, and Specialist in Tax Management from <em>Universidad Externado de Colombia<\/em>. Lawyer of University la Gran Colombia.<\/p>\n<p style=\"text-align: justify;\">He has sundry studies in Audit and Audit Methodology, a diploma in International Standards on Auditing, and diploma in IFRS at <em>Universidad de la Sabana<\/em>.<\/p>\n<p style=\"text-align: justify;\">His professional activity has been mainly focused on the audit area, having held the position of auditor in the Aeronautics, Hotel Services, Radio, Construction, Publishing, and Education sectors during several years, in well-known companies such as: <em>DHL Global Forwarding S.A.; DHL Global Forwarding Agencia de Aduanas S.A. Nivel 1; DHL Global Forwarding Deposito Aduanero S.A.; DHL Global Forwarding Zona Franca S.A.; L\u00ednea Aerea Carguera de Colombia S.A.; Human Capital Consulting S.A.; Human Capital Outsourcing S.A.; World Management Advisors S.A.; Penguin Ramdon House Grupo Editorial S.A.S.; Distribuidora Penguin Random House S.A.S.; Ediciones B Colombia S.A.S.; Zona Franco Publicidad Ltda.; Inversiones Cruz Uribe S.A.S.; <\/em>and <em>AP Inmobiliaria S.A.S. <\/em>Former Audit Partner<\/p>\n<p>Ex-Partner and Tax Supervisor from Audit Firm <em>Pe\u00f1alosa Auditores &amp; Asociados S.A. <\/em>for over twelve (12) years.<\/p>\n<p>Currently, he is the Tax Partner at AM Consulting S.A.[\/vc_column_text][\/vc_column_inner][vc_column_inner width=&#8221;1\/2&#8243;][vc_single_image image=&#8221;440&#8243; img_size=&#8221;300&#215;300&#8243; alignment=&#8221;center&#8221; style=&#8221;vc_box_outline_circle_2&#8243; border_color=&#8221;blue&#8221; css_animation=&#8221;top-to-bottom&#8221;][vc_column_text]<\/p>\n<h3 style=\"text-align: center;\"><strong>SERGIO ALEJANDRO ASENCIO ROCHA<\/strong><\/h3>\n<p style=\"text-align: justify;\">Public Accountant from Central University, specialist in Statutory Audit of the same university, and Specialist in Assurance and Control from Javeriana University.<\/p>\n<p style=\"text-align: justify;\">He has sundry studies in Audit and Audit Methodology, and diploma in IFRS at Universidad de la Sabana.<\/p>\n<p style=\"text-align: justify;\">His professional activity has been mainly focused on the audit area, having held the position of auditor in the Aeronautics, Services, Hotels, Radio, Publishing, and Education sectors during several years, in well known companies such as: Distribuidora Toyota, Deutsche Lufthansa A.G. S.A. Sucursal Colombia; Lan Per\u00fa S.A. Sucursal Colombia; ABC Aerol\u00edneas S.A. de C.V. Sucursal Colombia; Emisora Sistema Vida; Rapiscol S.A.; Editorial Alberto Merani; Universidad San Buenaventura; Congregaci\u00f3n de las Escuelas Cristianas de la Salle; Fundaci\u00f3n Nuevo Mary Mount; and Ladrillera del Sur Ltda.<\/p>\n<p>Ex-Audit Partner \u2013 Audit Firm Manager in Pe\u00f1alosa Auditores &amp; Asociados S.A. for over eighteen (18) years.<\/p>\n<p>Nowdays, he is AM Consulting S.A. Audit Partner.<\/p>\n<p>[\/vc_column_text][\/vc_column_inner][\/vc_row_inner][\/vc_column][\/vc_row][vc_row][vc_column][vc_row_inner][vc_column_inner][vc_separator color=&#8221;blue&#8221; style=&#8221;double&#8221; el_width=&#8221;90&#8243;][\/vc_column_inner][\/vc_row_inner][vc_row_inner][vc_column_inner width=&#8221;1\/2&#8243;][vc_column_text]<\/p>\n<h3 style=\"text-align: center;\"><strong>HENRY GARC\u00cdA L\u00d3PEZ<\/strong><\/h3>\n<p style=\"text-align: justify;\">Lawyer from University Libre, specialist in Labor, Administrative and Tax Law from the same University and Specialist in Commercial Law from Universidad del Rosario. Master in Commercial Law from the University Externado de Colombia.<\/p>\n<p style=\"text-align: justify;\">With sundry studies in general, corporate and commercial law, in different national institutions.<\/p>\n<p style=\"text-align: justify;\">He worked as Risks Director of Special Businesses at Skandia Seguros de Colombia S.A.; as well as Consulting Advisor of the ISS, Ministry of Defense, SENA, Defense Systems Colombia and UP Sistemas.<\/p>\n<p style=\"text-align: justify;\">His professional activity has been focused mainly on providing advice and external consulting to guilds such as the insurer, air carrier, maritime and postal, customs and mining, in matters related to international agreements, international investment regime, exchange control to the international foreign exchange, national and international regulation of air, sea and postal transport, and corporate or company law being an External Advisor of the DHL Express Business Group; DHL Global Forwarding Business Group; of Exporters Esmeraldas; National Federation Exporter Emeralds Colombian Association; C.I. Gemtec S.A.S. And CI. Emerald S.A.S.<\/p>\n<p style=\"text-align: justify;\">He currently serves as Legal Counsel of the Firm AM Consulting S.A.<\/p>\n<p>[\/vc_column_text][\/vc_column_inner][vc_column_inner width=&#8221;1\/2&#8243;][vc_column_text]<\/p>\n<h3 style=\"text-align: center;\"><strong>LUIS ENRIQUE L\u00d3PEZ VEGA<\/strong><\/h3>\n<p style=\"text-align: justify;\">Public accountant from University Santiago de Cali, specialist in Tax Management from the same university-<\/p>\n<p style=\"text-align: justify;\">He has been teacher for graduate and undergraduate related to accounting and tax subjects in national universities.<\/p>\n<p style=\"text-align: justify;\">His professional activity has been focused in audit and accountant and tax advisory, working as an auditor in services, education and hotels sector in great companies amount others: Confenalco Valle, Conalmedicas, Universidasd Santiago de cali, Industrias Cato S.A.,Hotal Obelista.<\/p>\n<p style=\"text-align: justify;\">Currently he is appointed as Partner in <strong>AM CONSULTING S.A.<\/strong> in Santiago de Cali office, heading the Audit area.<\/p>\n<p>[\/vc_column_text][vc_column_text]<\/p>\n<h3 style=\"text-align: center;\"><strong>ALFONSO ARG\u00dcELLES ALARC\u00d3N<\/strong><\/h3>\n<p style=\"text-align: justify;\">Public accountant from University Externado de Colombia, postgraduate study in Transnatiotal Bussiness in the same university. Ex-auditor from PwC and Monomeros Colombo-Venozuelan, teechar in Externado de Colombia University, Aut\u00f3nomo del Caribe and University Libre.<\/p>\n<p style=\"text-align: justify;\">Partner of the firm Arg\u00fcelles &amp; Arg\u00fcelles Auditores y Arg\u00fcelles Auditores &amp; Asociados S.A., in the city Barranquilla<\/p>\n<p>[\/vc_column_text][\/vc_column_inner][\/vc_row_inner][\/vc_column][\/vc_row]<\/p>\n<\/div>","protected":false},"excerpt":{"rendered":"<p>[vc_row css=&#8221;.vc_custom_1467181664781{padding-top: 50px !important;}&#8221;][vc_column][vc_row_inner][vc_column_inner width=&#8221;1\/6&#8243;][\/vc_column_inner][vc_column_inner width=&#8221;2\/3&#8243;][vc_single_image image=&#8221;442&#8243; img_size=&#8221;full&#8221; alignment=&#8221;center&#8221; style=&#8221;vc_box_outline&#8221;<span class=\"excerpt-hellip\"> [\u2026]<\/span><\/p>\n","protected":false},"author":1,"featured_media":0,"parent":0,"menu_order":0,"comment_status":"open","ping_status":"open","template":"","meta":{"_joinchat":[],"footnotes":""},"class_list":["post-569","page","type-page","status-publish","hentry"],"_links":{"self":[{"href":"http:\/\/www.amconsulting.com.co\/en\/wp-json\/wp\/v2\/pages\/569","targetHints":{"allow":["GET"]}}],"collection":[{"href":"http:\/\/www.amconsulting.com.co\/en\/wp-json\/wp\/v2\/pages"}],"about":[{"href":"http:\/\/www.amconsulting.com.co\/en\/wp-json\/wp\/v2\/types\/page"}],"author":[{"embeddable":true,"href":"http:\/\/www.amconsulting.com.co\/en\/wp-json\/wp\/v2\/users\/1"}],"replies":[{"embeddable":true,"href":"http:\/\/www.amconsulting.com.co\/en\/wp-json\/wp\/v2\/comments?post=569"}],"version-history":[{"count":1,"href":"http:\/\/www.amconsulting.com.co\/en\/wp-json\/wp\/v2\/pages\/569\/revisions"}],"predecessor-version":[{"id":783,"href":"http:\/\/www.amconsulting.com.co\/en\/wp-json\/wp\/v2\/pages\/569\/revisions\/783"}],"wp:attachment":[{"href":"http:\/\/www.amconsulting.com.co\/en\/wp-json\/wp\/v2\/media?parent=569"}],"curies":[{"name":"wp","href":"https:\/\/api.w.org\/{rel}","templated":true}]}}